{"id":1570,"date":"2025-02-08T21:04:29","date_gmt":"2025-02-08T21:04:29","guid":{"rendered":"https:\/\/deferglobal.com\/?page_id=1570"},"modified":"2025-02-10T20:45:36","modified_gmt":"2025-02-10T20:45:36","slug":"ornek-portfolio","status":"publish","type":"page","link":"https:\/\/deferglobal.com\/ru\/ornek-portfolio\/","title":{"rendered":"Portlio \u00d6rnek"},"content":{"rendered":"<div class=\"wpb-content-wrapper\"><p>[vc_row css=&#187;.vc_custom_1496983574184{padding-top: 80px !important;padding-bottom: 80px !important;}&#187;][vc_column offset=&#187;vc_col-md-8&#8243;]\t\n\t<div class=\"wprt-galleries galleries w-770px\" data-width=\"142\" data-margin=\"15\">\n        <div id=\"wprt-slider\" class=\"flexslider\">\n            <ul class=\"slides\">\n                \t                <li class=\"flex-active-slide\">\n\t                <a class=\"zoom\" href=\"https:\/\/deferglobal.com\/wp-content\/uploads\/2025\/02\/1-1.jpg\"><i class=\"fa fa-arrows-alt\"><\/i><\/a>\n\t                <img loading=\"lazy\" decoding=\"async\" width=\"843\" height=\"475\" src=\"https:\/\/deferglobal.com\/wp-content\/uploads\/2025\/02\/1-1.jpg\" class=\"img-responsive\" alt=\"\" srcset=\"https:\/\/deferglobal.com\/wp-content\/uploads\/2025\/02\/1-1.jpg 843w, https:\/\/deferglobal.com\/wp-content\/uploads\/2025\/02\/1-1-300x169.jpg 300w, https:\/\/deferglobal.com\/wp-content\/uploads\/2025\/02\/1-1-768x433.jpg 768w\" sizes=\"auto, (max-width: 843px) 100vw, 843px\" \/>\t                <\/li>\n\t            \t                <li class=\"flex-active-slide\">\n\t                <a class=\"zoom\" href=\"https:\/\/deferglobal.com\/wp-content\/uploads\/2025\/02\/2-1.jpg\"><i class=\"fa fa-arrows-alt\"><\/i><\/a>\n\t                <img loading=\"lazy\" decoding=\"async\" width=\"843\" height=\"475\" src=\"https:\/\/deferglobal.com\/wp-content\/uploads\/2025\/02\/2-1.jpg\" class=\"img-responsive\" alt=\"\" srcset=\"https:\/\/deferglobal.com\/wp-content\/uploads\/2025\/02\/2-1.jpg 843w, https:\/\/deferglobal.com\/wp-content\/uploads\/2025\/02\/2-1-300x169.jpg 300w, https:\/\/deferglobal.com\/wp-content\/uploads\/2025\/02\/2-1-768x433.jpg 768w\" sizes=\"auto, (max-width: 843px) 100vw, 843px\" \/>\t                <\/li>\n\t            \t                <li class=\"flex-active-slide\">\n\t                <a class=\"zoom\" href=\"https:\/\/deferglobal.com\/wp-content\/uploads\/2025\/02\/3-1-1.jpg\"><i class=\"fa fa-arrows-alt\"><\/i><\/a>\n\t                <img loading=\"lazy\" decoding=\"async\" width=\"843\" height=\"475\" src=\"https:\/\/deferglobal.com\/wp-content\/uploads\/2025\/02\/3-1-1.jpg\" class=\"img-responsive\" alt=\"\" srcset=\"https:\/\/deferglobal.com\/wp-content\/uploads\/2025\/02\/3-1-1.jpg 843w, https:\/\/deferglobal.com\/wp-content\/uploads\/2025\/02\/3-1-1-300x169.jpg 300w, https:\/\/deferglobal.com\/wp-content\/uploads\/2025\/02\/3-1-1-768x433.jpg 768w\" sizes=\"auto, (max-width: 843px) 100vw, 843px\" \/>\t                <\/li>\n\t            \t                <li class=\"flex-active-slide\">\n\t                <a class=\"zoom\" href=\"https:\/\/deferglobal.com\/wp-content\/uploads\/2025\/02\/4-1.jpg\"><i class=\"fa fa-arrows-alt\"><\/i><\/a>\n\t                <img loading=\"lazy\" decoding=\"async\" width=\"843\" height=\"475\" src=\"https:\/\/deferglobal.com\/wp-content\/uploads\/2025\/02\/4-1.jpg\" class=\"img-responsive\" alt=\"\" srcset=\"https:\/\/deferglobal.com\/wp-content\/uploads\/2025\/02\/4-1.jpg 843w, https:\/\/deferglobal.com\/wp-content\/uploads\/2025\/02\/4-1-300x169.jpg 300w, https:\/\/deferglobal.com\/wp-content\/uploads\/2025\/02\/4-1-768x433.jpg 768w\" sizes=\"auto, (max-width: 843px) 100vw, 843px\" \/>\t                <\/li>\n\t            \t                <li class=\"flex-active-slide\">\n\t                <a class=\"zoom\" href=\"https:\/\/deferglobal.com\/wp-content\/uploads\/2025\/02\/5-1.jpg\"><i class=\"fa fa-arrows-alt\"><\/i><\/a>\n\t                <img loading=\"lazy\" decoding=\"async\" width=\"843\" height=\"475\" src=\"https:\/\/deferglobal.com\/wp-content\/uploads\/2025\/02\/5-1.jpg\" class=\"img-responsive\" alt=\"\" srcset=\"https:\/\/deferglobal.com\/wp-content\/uploads\/2025\/02\/5-1.jpg 843w, https:\/\/deferglobal.com\/wp-content\/uploads\/2025\/02\/5-1-300x169.jpg 300w, https:\/\/deferglobal.com\/wp-content\/uploads\/2025\/02\/5-1-768x433.jpg 768w\" sizes=\"auto, (max-width: 843px) 100vw, 843px\" \/>\t                <\/li>\n\t            \t                <li class=\"flex-active-slide\">\n\t                <a class=\"zoom\" href=\"https:\/\/deferglobal.com\/wp-content\/uploads\/2025\/02\/6-1-1.jpg\"><i class=\"fa fa-arrows-alt\"><\/i><\/a>\n\t                <img loading=\"lazy\" decoding=\"async\" width=\"843\" height=\"475\" src=\"https:\/\/deferglobal.com\/wp-content\/uploads\/2025\/02\/6-1-1.jpg\" class=\"img-responsive\" alt=\"\" srcset=\"https:\/\/deferglobal.com\/wp-content\/uploads\/2025\/02\/6-1-1.jpg 843w, https:\/\/deferglobal.com\/wp-content\/uploads\/2025\/02\/6-1-1-300x169.jpg 300w, https:\/\/deferglobal.com\/wp-content\/uploads\/2025\/02\/6-1-1-768x433.jpg 768w\" sizes=\"auto, (max-width: 843px) 100vw, 843px\" \/>\t                <\/li>\n\t            \t                <li class=\"flex-active-slide\">\n\t                <a class=\"zoom\" href=\"https:\/\/deferglobal.com\/wp-content\/uploads\/2025\/02\/7-1-e1739395809360.jpg\"><i class=\"fa fa-arrows-alt\"><\/i><\/a>\n\t                <img loading=\"lazy\" decoding=\"async\" width=\"829\" height=\"462\" src=\"https:\/\/deferglobal.com\/wp-content\/uploads\/2025\/02\/7-1-e1739395809360.jpg\" class=\"img-responsive\" alt=\"\" srcset=\"https:\/\/deferglobal.com\/wp-content\/uploads\/2025\/02\/7-1-e1739395809360.jpg 829w, https:\/\/deferglobal.com\/wp-content\/uploads\/2025\/02\/7-1-e1739395809360-300x167.jpg 300w, https:\/\/deferglobal.com\/wp-content\/uploads\/2025\/02\/7-1-e1739395809360-768x428.jpg 768w\" sizes=\"auto, (max-width: 829px) 100vw, 829px\" \/>\t                <\/li>\n\t            \t                <li class=\"flex-active-slide\">\n\t                <a class=\"zoom\" href=\"https:\/\/deferglobal.com\/wp-content\/uploads\/2025\/02\/8-1-e1739395794800.jpg\"><i class=\"fa fa-arrows-alt\"><\/i><\/a>\n\t                <img loading=\"lazy\" decoding=\"async\" width=\"825\" height=\"457\" src=\"https:\/\/deferglobal.com\/wp-content\/uploads\/2025\/02\/8-1-e1739395794800.jpg\" class=\"img-responsive\" alt=\"\" srcset=\"https:\/\/deferglobal.com\/wp-content\/uploads\/2025\/02\/8-1-e1739395794800.jpg 825w, https:\/\/deferglobal.com\/wp-content\/uploads\/2025\/02\/8-1-e1739395794800-300x166.jpg 300w, https:\/\/deferglobal.com\/wp-content\/uploads\/2025\/02\/8-1-e1739395794800-768x425.jpg 768w\" sizes=\"auto, (max-width: 825px) 100vw, 825px\" \/>\t                <\/li>\n\t            \t                <li class=\"flex-active-slide\">\n\t                <a class=\"zoom\" href=\"https:\/\/deferglobal.com\/wp-content\/uploads\/2025\/02\/9-1-1-e1739395767420.jpg\"><i class=\"fa fa-arrows-alt\"><\/i><\/a>\n\t                <img loading=\"lazy\" decoding=\"async\" width=\"828\" height=\"455\" src=\"https:\/\/deferglobal.com\/wp-content\/uploads\/2025\/02\/9-1-1-e1739395767420.jpg\" class=\"img-responsive\" alt=\"\" srcset=\"https:\/\/deferglobal.com\/wp-content\/uploads\/2025\/02\/9-1-1-e1739395767420.jpg 828w, https:\/\/deferglobal.com\/wp-content\/uploads\/2025\/02\/9-1-1-e1739395767420-300x165.jpg 300w, https:\/\/deferglobal.com\/wp-content\/uploads\/2025\/02\/9-1-1-e1739395767420-768x422.jpg 768w\" sizes=\"auto, (max-width: 828px) 100vw, 828px\" \/>\t                <\/li>\n\t                            \n            <\/ul>\n        <\/div>\n\n        <div id=\"wprt-carousel\" class=\"flexslider\">\n            <ul class=\"slides\">\n            \t                \t<li><img loading=\"lazy\" decoding=\"async\" width=\"843\" height=\"475\" src=\"https:\/\/deferglobal.com\/wp-content\/uploads\/2025\/02\/1-1.jpg\" class=\"img-responsive\" alt=\"\" srcset=\"https:\/\/deferglobal.com\/wp-content\/uploads\/2025\/02\/1-1.jpg 843w, https:\/\/deferglobal.com\/wp-content\/uploads\/2025\/02\/1-1-300x169.jpg 300w, https:\/\/deferglobal.com\/wp-content\/uploads\/2025\/02\/1-1-768x433.jpg 768w\" sizes=\"auto, (max-width: 843px) 100vw, 843px\" \/><\/li>\n                                \t<li><img loading=\"lazy\" decoding=\"async\" width=\"843\" height=\"475\" src=\"https:\/\/deferglobal.com\/wp-content\/uploads\/2025\/02\/2-1.jpg\" class=\"img-responsive\" alt=\"\" srcset=\"https:\/\/deferglobal.com\/wp-content\/uploads\/2025\/02\/2-1.jpg 843w, https:\/\/deferglobal.com\/wp-content\/uploads\/2025\/02\/2-1-300x169.jpg 300w, https:\/\/deferglobal.com\/wp-content\/uploads\/2025\/02\/2-1-768x433.jpg 768w\" sizes=\"auto, (max-width: 843px) 100vw, 843px\" \/><\/li>\n                                \t<li><img loading=\"lazy\" decoding=\"async\" width=\"843\" height=\"475\" src=\"https:\/\/deferglobal.com\/wp-content\/uploads\/2025\/02\/3-1-1.jpg\" class=\"img-responsive\" alt=\"\" srcset=\"https:\/\/deferglobal.com\/wp-content\/uploads\/2025\/02\/3-1-1.jpg 843w, https:\/\/deferglobal.com\/wp-content\/uploads\/2025\/02\/3-1-1-300x169.jpg 300w, https:\/\/deferglobal.com\/wp-content\/uploads\/2025\/02\/3-1-1-768x433.jpg 768w\" sizes=\"auto, (max-width: 843px) 100vw, 843px\" \/><\/li>\n                                \t<li><img loading=\"lazy\" decoding=\"async\" width=\"843\" height=\"475\" src=\"https:\/\/deferglobal.com\/wp-content\/uploads\/2025\/02\/4-1.jpg\" class=\"img-responsive\" alt=\"\" srcset=\"https:\/\/deferglobal.com\/wp-content\/uploads\/2025\/02\/4-1.jpg 843w, https:\/\/deferglobal.com\/wp-content\/uploads\/2025\/02\/4-1-300x169.jpg 300w, https:\/\/deferglobal.com\/wp-content\/uploads\/2025\/02\/4-1-768x433.jpg 768w\" sizes=\"auto, (max-width: 843px) 100vw, 843px\" \/><\/li>\n                                \t<li><img loading=\"lazy\" decoding=\"async\" width=\"843\" height=\"475\" src=\"https:\/\/deferglobal.com\/wp-content\/uploads\/2025\/02\/5-1.jpg\" class=\"img-responsive\" alt=\"\" srcset=\"https:\/\/deferglobal.com\/wp-content\/uploads\/2025\/02\/5-1.jpg 843w, https:\/\/deferglobal.com\/wp-content\/uploads\/2025\/02\/5-1-300x169.jpg 300w, https:\/\/deferglobal.com\/wp-content\/uploads\/2025\/02\/5-1-768x433.jpg 768w\" sizes=\"auto, (max-width: 843px) 100vw, 843px\" \/><\/li>\n                                \t<li><img loading=\"lazy\" decoding=\"async\" width=\"843\" height=\"475\" src=\"https:\/\/deferglobal.com\/wp-content\/uploads\/2025\/02\/6-1-1.jpg\" class=\"img-responsive\" alt=\"\" srcset=\"https:\/\/deferglobal.com\/wp-content\/uploads\/2025\/02\/6-1-1.jpg 843w, https:\/\/deferglobal.com\/wp-content\/uploads\/2025\/02\/6-1-1-300x169.jpg 300w, https:\/\/deferglobal.com\/wp-content\/uploads\/2025\/02\/6-1-1-768x433.jpg 768w\" sizes=\"auto, (max-width: 843px) 100vw, 843px\" \/><\/li>\n                                \t<li><img loading=\"lazy\" decoding=\"async\" width=\"829\" height=\"462\" src=\"https:\/\/deferglobal.com\/wp-content\/uploads\/2025\/02\/7-1-e1739395809360.jpg\" class=\"img-responsive\" alt=\"\" srcset=\"https:\/\/deferglobal.com\/wp-content\/uploads\/2025\/02\/7-1-e1739395809360.jpg 829w, https:\/\/deferglobal.com\/wp-content\/uploads\/2025\/02\/7-1-e1739395809360-300x167.jpg 300w, https:\/\/deferglobal.com\/wp-content\/uploads\/2025\/02\/7-1-e1739395809360-768x428.jpg 768w\" sizes=\"auto, (max-width: 829px) 100vw, 829px\" \/><\/li>\n                                \t<li><img loading=\"lazy\" decoding=\"async\" width=\"825\" height=\"457\" src=\"https:\/\/deferglobal.com\/wp-content\/uploads\/2025\/02\/8-1-e1739395794800.jpg\" class=\"img-responsive\" alt=\"\" srcset=\"https:\/\/deferglobal.com\/wp-content\/uploads\/2025\/02\/8-1-e1739395794800.jpg 825w, https:\/\/deferglobal.com\/wp-content\/uploads\/2025\/02\/8-1-e1739395794800-300x166.jpg 300w, https:\/\/deferglobal.com\/wp-content\/uploads\/2025\/02\/8-1-e1739395794800-768x425.jpg 768w\" sizes=\"auto, (max-width: 825px) 100vw, 825px\" \/><\/li>\n                                \t<li><img loading=\"lazy\" decoding=\"async\" width=\"828\" height=\"455\" src=\"https:\/\/deferglobal.com\/wp-content\/uploads\/2025\/02\/9-1-1-e1739395767420.jpg\" class=\"img-responsive\" alt=\"\" srcset=\"https:\/\/deferglobal.com\/wp-content\/uploads\/2025\/02\/9-1-1-e1739395767420.jpg 828w, https:\/\/deferglobal.com\/wp-content\/uploads\/2025\/02\/9-1-1-e1739395767420-300x165.jpg 300w, https:\/\/deferglobal.com\/wp-content\/uploads\/2025\/02\/9-1-1-e1739395767420-768x422.jpg 768w\" sizes=\"auto, (max-width: 828px) 100vw, 828px\" \/><\/li>\n                            <\/ul>\n        <\/div>\n    <\/div>\t\n\n[\/vc_column][vc_column offset=&#187;vc_col-md-4&#8243;]\n    <h4 class=\"text-left\" >Proje Detay\u0131<\/h4>\n    \t    <div class=\"wprt-lines style-1 custom-3\">\n\t        <div class=\"line-1\"><\/div>\n\t    <\/div>\n    \n        \t\n[vc_empty_space height=&#187;25px&#187;][vc_column_text css=&#187;.vc_custom_1739050029253{margin-bottom: 20px !important;}&#187;]Beytepe mevkiinde yap\u0131lan g\u00fcncel projemiz.[\/vc_column_text][vc_column_text css=&#187;.vc_custom_1739050121860{margin-bottom: 0px !important;}&#187;]<\/p>\n<ul class=\"wprt-list style-2 accent-color margin-top-30 margin-bottom-30\">\n<li><strong>\u0130\u015f Veren:<\/strong> &#8212;<\/li>\n<li><strong>Tarih:<\/strong> &#8212;<\/li>\n<li><strong>Yer:<\/strong> Ankara<\/li>\n<li><strong>Yap\u0131lan \u0130\u015f:<\/strong> &#8212;<\/li>\n<li><strong>Alan:<\/strong> &#8212;<\/li>\n<\/ul>\n<p>[\/vc_column_text][\/vc_column][\/vc_row]<\/p>\n<\/div>","protected":false},"excerpt":{"rendered":"<p>[vc_row css=&#187;.vc_custom_1496983574184{padding-top: 80px !important;padding-bottom: 80px !important;}&#187;][vc_column offset=&#187;vc_col-md-8&#8243;][\/vc_column][vc_column offset=&#187;vc_col-md-4&#8243;][vc_empty_space height=&#187;25px&#187;][vc_column_text css=&#187;.vc_custom_1739050029253{margin-bottom: 20px !important;}&#187;]Beytepe mevkiinde yap\u0131lan g\u00fcncel projemiz.[\/vc_column_text][vc_column_text css=&#187;.vc_custom_1739050121860{margin-bottom: 0px !important;}&#187;] \u0130\u015f Veren: &#8212; Tarih: &#8212; Yer: Ankara Yap\u0131lan \u0130\u015f: &#8212; Alan: &#8212; [\/vc_column_text][\/vc_column][\/vc_row]<\/p>\n","protected":false},"author":1,"featured_media":0,"parent":0,"menu_order":0,"comment_status":"closed","ping_status":"closed","template":"page-templates\/template-fullwidth.php","meta":{"footnotes":""},"class_list":["post-1570","page","type-page","status-publish","hentry"],"_links":{"self":[{"href":"https:\/\/deferglobal.com\/ru\/wp-json\/wp\/v2\/pages\/1570","targetHints":{"allow":["GET"]}}],"collection":[{"href":"https:\/\/deferglobal.com\/ru\/wp-json\/wp\/v2\/pages"}],"about":[{"href":"https:\/\/deferglobal.com\/ru\/wp-json\/wp\/v2\/types\/page"}],"author":[{"embeddable":true,"href":"https:\/\/deferglobal.com\/ru\/wp-json\/wp\/v2\/users\/1"}],"replies":[{"embeddable":true,"href":"https:\/\/deferglobal.com\/ru\/wp-json\/wp\/v2\/comments?post=1570"}],"version-history":[{"count":10,"href":"https:\/\/deferglobal.com\/ru\/wp-json\/wp\/v2\/pages\/1570\/revisions"}],"predecessor-version":[{"id":1704,"href":"https:\/\/deferglobal.com\/ru\/wp-json\/wp\/v2\/pages\/1570\/revisions\/1704"}],"wp:attachment":[{"href":"https:\/\/deferglobal.com\/ru\/wp-json\/wp\/v2\/media?parent=1570"}],"curies":[{"name":"wp","href":"https:\/\/api.w.org\/{rel}","templated":true}]}}