{"id":813,"date":"2017-06-21T03:36:21","date_gmt":"2017-06-21T03:36:21","guid":{"rendered":"http:\/\/localhost\/construct\/?page_id=813"},"modified":"2025-08-17T08:48:00","modified_gmt":"2025-08-17T08:48:00","slug":"home-3","status":"publish","type":"page","link":"https:\/\/deferglobal.com\/ar\/","title":{"rendered":"Home 3"},"content":{"rendered":"<div class=\"wpb-content-wrapper\"><p>[vc_row][vc_column]\n\t\t\t\t<p class=\"rs-p-wp-fix\"><\/p>\n\t\t\t\t<sr7-module data-alias=\"home-simple\" data-id=\"2\" id=\"SR7_2_1\" class=\"rs-ov-hidden\" data-version=\"6.7.23\">\n\t\t\t\t\t<sr7-adjuster><\/sr7-adjuster>\n\t\t\t\t\t<sr7-content>\n\t\t\t\t\t\t<sr7-slide id=\"SR7_2_1-3\" data-key=\"3\">\n\t\t\t\t\t\t\t<sr7-txt id=\"SR7_2_1-3-1\" class=\"sr7-layer\">GE\u00c7M\u0130\u015eTEN GELECE\u011eE...<\/sr7-txt>\n\t\t\t\t\t\t\t<sr7-txt id=\"SR7_2_1-3-2\" class=\"sr7-layer\">Makro yap\u0131lardan mikro yap\u0131lara kadar her alanda hizmet vermek.<\/sr7-txt>\n\t\t\t\t\t\t<\/sr7-slide>\n\t\t\t\t\t\t<sr7-slide id=\"SR7_2_1-5\" data-key=\"5\">\n\t\t\t\t\t\t<\/sr7-slide>\n\t\t\t\t\t<\/sr7-content>\n\t\t\t\t<\/sr7-module>\n\t\t\t\t<script>\n\t\t\t\t\tSR7.PMH ??={}; SR7.PMH[\"SR7_2_1\"] = {cn:100,state:false,fn: function() { if (_tpt!==undefined && _tpt.prepareModuleHeight !== undefined) {  _tpt.prepareModuleHeight({id:\"SR7_2_1\",el:[900,900,900,650,650],type:'standard',shdw:'0',gh:[900,900,900,650,650],gw:[1851,1851,1851,778,480],vpt:['-100px&#039;,&#039;-100px&#039;,&#039;-100px&#039;,&#039;-100px&#039;,&#039;-100px'],size:{fullWidth:true, fullHeight:true},fho:'',mh:'0',onh:0,onw:0,bg:{color:'{\"orig\":\"transparent\",\"type\":\"solid\",\"string\":\"transparent\"}'},plType:'0',plColor:'#FFFFFF'});   SR7.PMH[\"SR7_2_1\"].state=true;} else if(SR7.PMH[\"SR7_2_1\"].cn-->0)\tsetTimeout( SR7.PMH[\"SR7_2_1\"].fn,19);}};SR7.PMH[\"SR7_2_1\" ].fn();\n\t\t\t\t<\/script>\n[\/vc_column][\/vc_row][vc_row fullwidth=&#8221;yes&#8221;][vc_column][vc_raw_html css=&#8221;&#8221;]JTNDZGl2JTIwY2xhc3MlM0QlMjJoaXptZXQlMjIlM0UlMEElMDklM0NkaXYlMjBjbGFzcyUzRCUyMmJveCUyMiUyMHN0eWxlJTNEJTIyYmFja2dyb3VuZC1pbWFnZSUzQSUyMHVybCUyOCUyN2h0dHBzJTNBJTJGJTJGZGVmZXJnbG9iYWwuY29tJTJGd3AtY29udGVudCUyRnVwbG9hZHMlMkYyMDI1JTJGMDYlMkZsb2ppc3Rpay1zY2FsZWQuanBnJTI3JTI5JTNCJTIyJTNFJTBBJTIwJTIwJTIwJTIwJTIwJTIwJTIwJTIwJTNDZGl2JTIwY2xhc3MlM0QlMjJvdmVybGF5JTIyJTNFJTBBJTIwJTIwJTIwJTIwJTIwJTIwJTIwJTIwJTIwJTIwJTIwJTIwJTNDYSUyMGhyZWYlM0QlMjJodHRwJTNBJTJGJTJGd3d3LmRlZmVyZ2xvYmFsLmNvbSUyRmFyJTJGbG9qaXN0aWslMkYlMjIlM0UlM0NoMiUzRSVEOCVBNyVEOSU4NCVEOSU4NCVEOSU4OCVEOCVBQyVEOCVCMyVEOCVBQSVEOSU4QSVEOCVBOSUzQyUyRmgyJTNFJTNDJTJGYSUzRSUwQSUyMCUyMCUyMCUyMCUyMCUyMCUyMCUyMCUyMCUyMCUyMCUyMCUzQ2ElMjBocmVmJTNEJTIyaHR0cCUzQSUyRiUyRnd3dy5kZWZlcmdsb2JhbC5jb20lMkZhciUyRmxvamlzdGlrJTJGJTIyJTIwY2xhc3MlM0QlMjJidXR0b24lMjIlM0UlM0NpJTIwY2xhc3MlM0QlMjJmYS1zb2xpZCUyMGZhLWNoZXZyb24tcmlnaHQlMjIlM0UlM0MlMkZpJTNFJTNDJTJGYSUzRSUwQSUyMCUyMCUyMCUyMCUyMCUyMCUyMCUyMCUzQyUyRmRpdiUzRSUwQSUyMCUyMCUyMCUyMCUzQyUyRmRpdiUzRSUwQSUwOSUzQ2RpdiUyMGNsYXNzJTNEJTIyYm94JTIyJTIwc3R5bGUlM0QlMjJiYWNrZ3JvdW5kLWltYWdlJTNBJTIwdXJsJTI4JTI3aHR0cHMlM0ElMkYlMkZkZWZlcmdsb2JhbC5jb20lMkZ3cC1jb250ZW50JTJGdXBsb2FkcyUyRjIwMjUlMkYwNiUyRmdheXJpbWVua3VsLXNjYWxlZC5qcGclMjclMjklM0IlMjIlM0UlMEElMjAlMjAlMjAlMjAlMjAlMjAlMjAlMjAlM0NkaXYlMjBjbGFzcyUzRCUyMm92ZXJsYXklMjIlM0UlMEElMjAlMjAlMjAlMjAlMjAlMjAlMjAlMjAlMjAlMjAlMjAlMjAlM0NhJTIwaHJlZiUzRCUyMmh0dHAlM0ElMkYlMkZ3d3cuZGVmZXJnbG9iYWwuY29tJTJGYXIlMkZnYXlyaW1lbmt1bCUyRiUyMiUzRSUzQ2gyJTNFJUQ4JUE3JUQ5JTg0JUQ4JUI5JUQ5JTgyJUQ4JUE3JUQ4JUIxJUQ4JUE3JUQ4JUFBJTNDJTJGaDIlM0UlM0MlMkZhJTNFJTBBJTIwJTIwJTIwJTIwJTIwJTIwJTIwJTIwJTIwJTIwJTIwJTIwJTNDYSUyMGhyZWYlM0QlMjJodHRwJTNBJTJGJTJGd3d3LmRlZmVyZ2xvYmFsLmNvbSUyRmFyJTJGZ2F5cmltZW5rdWwlMkYlMjIlMjBjbGFzcyUzRCUyMmJ1dHRvbiUyMiUzRSUzQ2klMjBjbGFzcyUzRCUyMmZhLXNvbGlkJTIwZmEtY2hldnJvbi1yaWdodCUyMiUzRSUzQyUyRmklM0UlM0MlMkZhJTNFJTBBJTIwJTIwJTIwJTIwJTIwJTIwJTIwJTIwJTNDJTJGZGl2JTNFJTBBJTIwJTIwJTIwJTIwJTNDJTJGZGl2JTNFJTBBJTA5JTBBJTA5JTBBJTNDJTJGZGl2JTNF[\/vc_raw_html][\/vc_column][\/vc_row][vc_row css=&#8221;.vc_custom_1739258866517{margin-top: 0px !important;margin-bottom: 0px !important;background-position: center !important;background-repeat: no-repeat !important;background-size: cover !important;}&#8221;][vc_column]\n\t\t\t\t<p class=\"rs-p-wp-fix\"><\/p>\n\t\t\t\t<sr7-module data-alias=\"slider-1\" data-id=\"3\" id=\"SR7_3_2\" class=\"rs-ov-hidden\" data-version=\"6.7.23\">\n\t\t\t\t\t<sr7-adjuster><\/sr7-adjuster>\n\t\t\t\t\t<sr7-content>\n\t\t\t\t\t\t<sr7-slide id=\"SR7_3_2-7\" data-key=\"7\">\n\t\t\t\t\t\t<\/sr7-slide>\n\t\t\t\t\t\t<sr7-slide id=\"SR7_3_2-8\" data-key=\"8\">\n\t\t\t\t\t\t<\/sr7-slide>\n\t\t\t\t\t<\/sr7-content>\n\t\t\t\t<\/sr7-module>\n\t\t\t\t<script>\n\t\t\t\t\tSR7.PMH ??={}; SR7.PMH[\"SR7_3_2\"] = {cn:100,state:false,fn: function() { if (_tpt!==undefined && _tpt.prepareModuleHeight !== undefined) {  _tpt.prepareModuleHeight({id:\"SR7_3_2\",el:[500,500,768,960,720],type:'standard',shdw:'0',gh:[500,500,413,314,194],gw:[1240,1240,1024,778,480],vpt:['-100px'],size:{fullWidth:true, fullHeight:false},mh:'0',onh:0,onw:0,bg:{color:'{\"orig\":\"transparent\",\"type\":\"solid\",\"string\":\"transparent\"}'}});   SR7.PMH[\"SR7_3_2\"].state=true;} else if(SR7.PMH[\"SR7_3_2\"].cn-->0)\tsetTimeout( SR7.PMH[\"SR7_3_2\"].fn,19);}};SR7.PMH[\"SR7_3_2\" ].fn();\n\t\t\t\t<\/script>\n[\/vc_column][\/vc_row][vc_row css=&#8221;.vc_custom_1737793717896{margin-top: 50px !important;}&#8221;][vc_column width=&#8221;1\/2&#8243;][vc_row_inner css=&#8221;.vc_custom_1737793701679{margin-top: 20px !important;}&#8221;][vc_column_inner]\n    <h2 class=\"text-center\" style=color:#000000>\u0631\u0633\u0627\u0644\u0629 \u0645\u0646 \u0627\u0644\u0631\u0626\u064a\u0633<\/h2>\n    \t    <div class=\"wprt-lines style-2 custom-1\">\n\t        <div class=\"line-1\"><\/div>\n\t    <\/div>\n    \n    \t    <div class=\"wprt-spacer\" data-desktop=\"36\" data-mobi=\"30\" data-smobi=\"30\"><\/div>\n\t    <div class=\"wprt-subtitle \"><\/p>\n<p style=\"text-align: justify;\"><span style=\"font-weight: 400;\">\u0644\u0642\u062f \u0642\u0645\u0646\u0627 \u0628\u062a\u0623\u0633\u064a\u0633 \u0634\u0631\u0643\u062a\u0646\u0627 \u062f\u064a\u0645\u064a\u0631 \u062d\u0646\u0627 \u0641\u064a \u0639\u0627\u0645 2013 \u0628\u0647\u062f\u0641 \u0631\u0641\u0639 \u0627\u0644\u062e\u0628\u0631\u0629 \u0648\u0627\u0644\u0645\u0647\u0627\u0631\u0629 \u0648\u0627\u0644\u0645\u0639\u0631\u0641\u0629 \u0627\u0644\u062a\u064a \u0627\u0643\u062a\u0633\u0628\u0646\u0627\u0647\u0627 \u0645\u0646 \u0646\u062c\u0627\u062d \u0634\u0631\u0643\u0627\u062a \u0645\u062c\u0645\u0648\u0639\u062a\u0646\u0627 \u0641\u064a \u0642\u0637\u0627\u0639 \u0627\u0644\u0645\u0642\u0627\u0648\u0644\u0627\u062a \u0625\u0644\u0649 \u0645\u0633\u062a\u0648\u064a\u0627\u062a \u0623\u0639\u0644\u0649 \u0648\u0627\u0644\u0642\u064a\u0627\u0645 \u0628\u0627\u0633\u062a\u062b\u0645\u0627\u0631\u0627\u062a \u0644\u062a\u0648\u0641\u064a\u0631 \u062e\u062f\u0645\u0629 \u0623\u0641\u0636\u0644 \u0644\u0639\u0645\u0644\u0627\u0626\u0646\u0627 \u0641\u064a \u0628\u0644\u062f\u0646\u0627 \u0648\u0627\u0644\u062e\u0627\u0631\u062c \u0645\u0646 \u062d\u064a\u062b \u0627\u0644\u0627\u0633\u062a\u062f\u0627\u0645\u0629. \u0648\u062a\u0645\u0627\u0634\u064a\u0627\u064b \u0645\u0639 \u0647\u0630\u0627 \u0627\u0644\u0647\u062f\u0641 \u0641\u0625\u0646\u0646\u0627 \u0646\u0647\u062f\u0641 \u0625\u0644\u0649 \u062a\u0642\u062f\u064a\u0645 \u062e\u062f\u0645\u0629 \u0623\u0641\u0636\u0644 \u0644\u0628\u0644\u062f\u0646\u0627 \u0648\u0639\u0645\u0644\u0627\u0626\u0646\u0627 \u0648\u0625\u0646\u0634\u0627\u0621 \u0645\u0633\u0627\u062d\u0627\u062a \u0645\u0631\u064a\u062d\u0629 \u0648\u0639\u0627\u0644\u064a\u0629 \u0627\u0644\u062c\u0648\u062f\u0629. \u0646\u062d\u0646 \u0646\u0623\u062e\u0630 \u0639\u0644\u0649 \u0639\u0627\u062a\u0642\u0646\u0627 \u062a\u0642\u062f\u064a\u0645 \u0627\u0644\u062e\u062f\u0645\u0629 \u0645\u0639 \u0627\u0644\u0639\u0644\u0645 \u0623\u0646 \u0642\u0637\u0627\u0639 \u0627\u0644\u0628\u0646\u0627\u0621 \u0644\u064a\u0633 \u0645\u062c\u0631\u062f \u0642\u0637\u0627\u0639 \u064a\u062a\u0645 \u062a\u0646\u0641\u064a\u0630\u0647 \u0644\u0623\u063a\u0631\u0627\u0636 \u062a\u062c\u0627\u0631\u064a\u0629\u060c \u0628\u0644 \u0647\u0648 \u0623\u064a\u0636\u064b\u0627 \u0645\u0633\u0627\u062d\u0629 \u0644\u0644\u0631\u0627\u062d\u0629 \u0648\u0627\u0644\u0645\u0639\u064a\u0634\u0629 \u062a\u0644\u0627\u0645\u0633 \u062d\u064a\u0627\u0629 \u0627\u0644\u0646\u0627\u0633 \u0648\u0627\u0644\u062a\u064a \u0633\u0646\u0633\u062a\u0645\u0631 \u0641\u064a \u0627\u0644\u0648\u062c\u0648\u062f \u0641\u064a\u0647\u0627 \u0641\u064a \u0627\u0644\u0645\u0633\u062a\u0642\u0628\u0644. \u0646\u062d\u0646 \u0646\u0631\u0649 \u0623\u0646\u0647 \u0645\u0646 \u0645\u0633\u0624\u0648\u0644\u064a\u062a\u0646\u0627 \u0627\u0644\u062a\u0623\u0643\u062f \u0645\u0646 \u0623\u0646 \u0627\u0644\u0645\u0628\u0627\u0646\u064a \u0627\u0644\u062a\u064a \u0646\u0628\u0646\u064a\u0647\u0627 \u0622\u0645\u0646\u0629 \u0648\u0639\u0627\u0644\u064a\u0629 \u0627\u0644\u062c\u0648\u062f\u0629 \u0648\u062a\u062d\u062a\u0631\u0645 \u0627\u0644\u0637\u0628\u064a\u0639\u0629 \u0648\u064a\u0645\u0643\u0646\u0646\u0627 \u062a\u0631\u0643\u0647\u0627 \u0643\u0625\u0631\u062b \u0644\u0644\u0623\u062c\u064a\u0627\u0644 \u0627\u0644\u0642\u0627\u062f\u0645\u0629\u060c \u062f\u0648\u0646 \u0623\u0646 \u062a\u062a\u0639\u0627\u0631\u0636 \u0645\u0639 \u0627\u0644\u0645\u0644\u0645\u0633 \u0648\u0627\u0644\u0634\u0643\u0644 \u0627\u0644\u062a\u0627\u0631\u064a\u062e\u064a \u0644\u0644\u0645\u0646\u0637\u0642\u0629 \u0627\u0644\u062a\u064a \u062a\u0642\u0639 \u0641\u064a\u0647\u0627. \u0622\u0645\u0644 \u0623\u0646 \u062a\u0646\u0627\u0644 \u0627\u0644\u0627\u0633\u062a\u062b\u0645\u0627\u0631\u0627\u062a \u0627\u0644\u062a\u064a \u0633\u0646\u0642\u0648\u0645 \u0628\u0647\u0627 \u0648\u0627\u0644\u062e\u062f\u0645\u0629 \u0627\u0644\u062a\u064a \u0633\u0646\u0642\u062f\u0645\u0647\u0627 \u0639\u0644\u0649 \u0647\u0630\u0627 \u0627\u0644\u0645\u0633\u0627\u0631 \u0627\u0644\u0630\u064a \u0628\u062f\u0623\u0646\u0627\u0647 \u0631\u0636\u0627 \u0639\u0645\u0644\u0627\u0626\u0646\u0627 \u0648\u0623\u0646 \u064a\u0643\u0648\u0646 \u0630\u0644\u0643 \u0645\u0633\u062a\u0645\u0631\u0627.<\/span><\/p>\n<p>\u0645\u0639 \u062a\u062d\u064a\u0627\u062a\u064a\u061b<\/p>\n<p>\u0631\u0626\u064a\u0633 \u0645\u062c\u0644\u0633 \u0627\u0644\u0625\u062f\u0627\u0631\u0629<\/p>\n<p>\u0643. \u064a\u062c\u064a\u062a \u062f\u064a\u0645\u064a\u0631<\/p>\n<p><\/div>\n\t    \t\n[\/vc_column_inner][\/vc_row_inner][\/vc_column][vc_column width=&#8221;1\/2&#8243; css=&#8221;.vc_custom_1737793697288{margin-top: 20px !important;}&#8221;][vc_single_image image=&#8221;2200&#8243; img_size=&#8221;500&#215;900&#8243; alignment=&#8221;center&#8221; css=&#8221;&#8221;][\/vc_column][\/vc_row][vc_row css_animation=&#8221;bounceIn&#8221; fullwidth=&#8221;yes&#8221; parallax_bg=&#8221;true&#8221; css=&#8221;.vc_custom_1739211694308{padding-top: 80px !important;padding-bottom: 80px !important;}&#8221; el_class=&#8221;text-center&#8221;][vc_column el_class=&#8221;ana-port&#8221;]\n    <h2 class=\"text-center\" style=color:#4B4B4B>\u0645\u0634\u0627\u0631\u064a\u0639\u0646\u0627<\/h2>\n    \t    <div class=\"wprt-lines style-2 custom-1\">\n\t        <div class=\"line-1\"><\/div>\n\t    <\/div>\n    \n        \t\n[vc_empty_space height=&#8221;43px&#8221;][vc_column_text css=&#8221;.vc_custom_1739213402489{margin-right: 20px !important;margin-bottom: 0px !important;margin-left: 20px !important;}&#8221;]<div class=\"latest-projects\"><\/div>[\/vc_column_text][\/vc_column][\/vc_row][vc_row css=&#8221;.vc_custom_1739391381798{padding-top: 80px !important;padding-bottom: 80px !important;background-position: center !important;background-repeat: no-repeat !important;background-size: cover !important;}&#8221;][vc_column]\n    <h2 class=\"text-center\" >\u0644\u0645\u062d\u0629 \u0639\u0646 Defer Global \u0628\u0627\u0644\u0623\u0631\u0642\u0627\u0645<\/h2>\n    \t    <div class=\"wprt-lines style-2 custom-1\">\n\t        <div class=\"line-1\"><\/div>\n\t    <\/div>\n    \n        \t\n[vc_empty_space height=&#8221;43px&#8221;][vc_raw_html css=&#8221;&#8221;]JTNDZGl2JTIwY2xhc3MlM0QlMjJhbmEteWFwaSUyMiUzRSUwQSUyMCUyMCUzQ2RpdiUyMGNsYXNzJTNEJTIyY2VyY2V2ZSUyMiUzRSUwQSUwQSUyMCUyMCUyMCUyMCUzQyUyMS0tJTIwJUQ4JUE3JUQ5JTg0JUQ4JUI0JUQ4JUIxJUQ5JThBJUQ4JUI3JTIwJUQ4JUE3JUQ5JTg0JUQ4JUI5JUQ5JTg1JUQ5JTg4JUQ4JUFGJUQ5JThBJTIwJUQ4JUE3JUQ5JTg0JUQ4JUEzJUQ5JThBJUQ4JUIzJUQ4JUIxJTIwLS0lM0UlMEElMjAlMjAlMjAlMjAlM0NkaXYlMjBjbGFzcyUzRCUyMmt1dHUlMjBkYXJrLXJlZCUyMiUyMHN0eWxlJTNEJTIyZ3JpZC1yb3clM0ElMjAxJTIwJTJGJTIwc3BhbiUyMDUlM0IlMjBncmlkLWNvbHVtbiUzQSUyMDElM0IlMjBoZWlnaHQlM0ElMjA3OTBweCUzQiUyMiUzRSUwQSUyMCUyMCUyMCUyMCUyMCUyMCUzQ2RpdiUyMGNsYXNzJTNEJTIyc21hbGwlMjIlM0UlRDglQjklRDglQUYlRDglQUYlMjAlRDglQTclRDklODQlRDglQUYlRDklODglRDklODQlM0MlMkZkaXYlM0UlMEElMjAlMjAlMjAlMjAlMjAlMjAlM0NkaXYlMjBjbGFzcyUzRCUyMmJpZyUyMiUzRTUlMkIlM0MlMkZkaXYlM0UlMEElMjAlMjAlMjAlMjAlM0MlMkZkaXYlM0UlMEElMEElMjAlMjAlMjAlMjAlM0MlMjEtLSUyMCVEOCVBNyVEOSU4NCVEOCVCNCVEOCVCMSVEOSU4QSVEOCVCNyUyMCVEOCVBNyVEOSU4NCVEOCVCOSVEOSU4NCVEOSU4OCVEOSU4QSUyMC0tJTNFJTBBJTIwJTIwJTIwJTIwJTNDZGl2JTIwY2xhc3MlM0QlMjJrdXR1JTIwcmVkJTIyJTIwc3R5bGUlM0QlMjJncmlkLWNvbHVtbiUzQSUyMDIlMjAlMkYlMjBzcGFuJTIwMiUzQiUyMGdyaWQtcm93JTNBJTIwMSUzQiUyMiUzRSUwQSUyMCUyMCUyMCUyMCUyMCUyMCUzQ2RpdiUyMGNsYXNzJTNEJTIyc21hbGwlMjIlM0UlRDglQTclRDklODQlRDklODUlRDglQjMlRDglQTclRDglQUQlRDglQTklMjAlRDglQTclRDklODQlRDklODUlRDklODIlRDglQUYlRDklODUlRDglQTklMjAlRDklODQlRDklODQlRDglQUUlRDglQUYlRDklODUlRDglQTklM0MlMkZkaXYlM0UlMEElMjAlMjAlMjAlMjAlMjAlMjAlM0NkaXYlMjBjbGFzcyUzRCUyMmJpZyUyMiUzRTIlMkM0NTAlMkMwMDAlMjAlRDklODUlQzIlQjIlM0MlMkZkaXYlM0UlMEElMjAlMjAlMjAlMjAlM0MlMkZkaXYlM0UlMEElMEElMjAlMjAlMjAlMjAlM0MlMjEtLSUyMCVEOSU4MSVEOCVCMSVEOCVBNyVEOCVCQSUyMC0tJTNFJTBBJTIwJTIwJTIwJTIwJTNDZGl2JTIwY2xhc3MlM0QlMjJib3MlMjIlMjBzdHlsZSUzRCUyMmdyaWQtY29sdW1uJTNBJTIwMiUyMCUyRiUyMHNwYW4lMjAyJTNCJTIwZ3JpZC1yb3clM0ElMjAyJTNCJTIyJTNFJTNDJTJGZGl2JTNFJTBBJTBBJTIwJTIwJTIwJTIwJTNDJTIxLS0lMjAlRDglQTclRDklODQlRDglQjQlRDglQjElRDklOEElRDglQjclMjAlRDglQTclRDklODQlRDglQTMlRDklODglRDglQjMlRDglQjclMjAtLSUzRSUwQSUyMCUyMCUyMCUyMCUzQ2RpdiUyMGNsYXNzJTNEJTIya3V0dSUyMGxpZ2h0LXJlZCUyMiUyMHN0eWxlJTNEJTIyZ3JpZC1jb2x1bW4lM0ElMjAyJTNCJTIwZ3JpZC1yb3clM0ElMjAzJTNCJTIyJTNFJTBBJTIwJTIwJTIwJTIwJTIwJTIwJTNDZGl2JTIwY2xhc3MlM0QlMjJzbWFsbCUyMiUzRSVEOCVCOSVEOCVBRiVEOCVBRiUyMCVEOCVBNyVEOSU4NCVEOSU4NSVEOSU4OCVEOCVCOCVEOSU4MSVEOSU4QSVEOSU4NiUzQyUyRmRpdiUzRSUwQSUyMCUyMCUyMCUyMCUyMCUyMCUzQ2RpdiUyMGNsYXNzJTNEJTIyYmlnJTIyJTNFMjAwJTJCJTNDJTJGZGl2JTNFJTBBJTIwJTIwJTIwJTIwJTNDJTJGZGl2JTNFJTBBJTIwJTIwJTIwJTIwJTNDZGl2JTIwY2xhc3MlM0QlMjJrdXR1JTIwZGFyay1yZWQlMjIlMjBzdHlsZSUzRCUyMmdyaWQtY29sdW1uJTNBJTIwMyUzQiUyMGdyaWQtcm93JTNBJTIwMyUzQiUyMiUzRSUwQSUyMCUyMCUyMCUyMCUyMCUyMCUzQ2RpdiUyMGNsYXNzJTNEJTIyc21hbGwlMjIlM0UlRDglQjklRDglQUYlRDglQUYlMjAlRDglQTclRDklODQlRDklODElRDklODYlRDklOEElRDklOEElRDklODYlM0MlMkZkaXYlM0UlMEElMjAlMjAlMjAlMjAlMjAlMjAlM0NkaXYlMjBjbGFzcyUzRCUyMmJpZyUyMiUzRTIwJTJCJTNDJTJGZGl2JTNFJTBBJTIwJTIwJTIwJTIwJTNDJTJGZGl2JTNFJTBBJTBBJTIwJTIwJTIwJTIwJTNDJTIxLS0lMjAlRDklODElRDglQjElRDglQTclRDglQkElMjAtLSUzRSUwQSUyMCUyMCUyMCUyMCUzQ2RpdiUyMGNsYXNzJTNEJTIyYm9zJTIyJTIwc3R5bGUlM0QlMjJncmlkLWNvbHVtbiUzQSUyMDIlMjAlMkYlMjBzcGFuJTIwMiUzQiUyMGdyaWQtcm93JTNBJTIwNCUzQiUyMiUzRSUzQyUyRmRpdiUzRSUwQSUwQSUyMCUyMCUyMCUyMCUzQyUyMS0tJTIwJUQ4JUE3JUQ5JTg0JUQ4JUI0JUQ4JUIxJUQ5JThBJUQ4JUI3JTIwJUQ4JUE3JUQ5JTg0JUQ4JUIzJUQ5JTgxJUQ5JTg0JUQ5JThBJTIwJTI4JUQ5JTgxJUQ4JUE3JUQ4JUIxJUQ4JUJBJTIwJUQ5JTg0JUQ5JTg0JUQ4JUFEJUQ5JTgxJUQ4JUE3JUQ4JUI4JTIwJUQ4JUI5JUQ5JTg0JUQ5JTg5JTIwJUQ4JUE3JUQ5JTg0JUQ4JUFBJUQ5JTg2JUQ4JUIzJUQ5JThBJUQ5JTgyJTI5JTIwLS0lM0UlMEElMjAlMjAlMjAlMjAlM0NkaXYlMjBjbGFzcyUzRCUyMmJvcyUyMiUyMHN0eWxlJTNEJTIyZ3JpZC1jb2x1bW4lM0ElMjAyJTIwJTJGJTIwc3BhbiUyMDIlM0IlMjBncmlkLXJvdyUzQSUyMDUlM0IlMjIlM0UlM0MlMkZkaXYlM0UlMEElMEElMjAlMjAlM0MlMkZkaXYlM0UlMEElM0MlMkZkaXYlM0UlMEE=[\/vc_raw_html][\/vc_column][\/vc_row][vc_row][vc_column][vc_empty_space height=&#8221;50px&#8221;]\n    <h2 class=\"text-center\" >\u0645\u0631\u0627\u062c\u0639\u0646\u0627<\/h2>\n    \t    <div class=\"wprt-lines style-2 custom-1\">\n\t        <div class=\"line-1\"><\/div>\n\t    <\/div>\n    \n        \t\n[vc_empty_space height=&#8221;50px&#8221;]\n\t\t\n        <div class=\"wprt-partners\">\n\t        <div id=\"partner-69e38aad91451\" class=\"owl-carousel\">\n\t        \t\t\t\t\t<div class=\"partner\">\n\t\t\t\t\t\t            \t\t<img loading=\"lazy\" decoding=\"async\" width=\"250\" height=\"150\" src=\"https:\/\/deferglobal.com\/wp-content\/uploads\/2025\/02\/togg.png\" class=\"img-responsive\" alt=\"\" \/>\t            \t\t\t\t\t<\/div>\n\t\t\t\t\t\t\t\t<div class=\"partner\">\n\t\t\t\t\t\t            \t\t<img loading=\"lazy\" decoding=\"async\" width=\"250\" height=\"150\" src=\"https:\/\/deferglobal.com\/wp-content\/uploads\/2025\/02\/gamador.png\" class=\"img-responsive\" alt=\"\" \/>\t            \t\t\t\t\t<\/div>\n\t\t\t\t\t\t\t\t<div class=\"partner\">\n\t\t\t\t\t\t            \t\t<img loading=\"lazy\" decoding=\"async\" width=\"250\" height=\"150\" src=\"https:\/\/deferglobal.com\/wp-content\/uploads\/2025\/02\/dikey.png\" class=\"img-responsive\" alt=\"\" \/>\t            \t\t\t\t\t<\/div>\n\t\t\t\t\t\t\t\t<div class=\"partner\">\n\t\t\t\t\t\t            \t\t<img loading=\"lazy\" decoding=\"async\" width=\"250\" height=\"150\" src=\"https:\/\/deferglobal.com\/wp-content\/uploads\/2025\/02\/aras.png\" class=\"img-responsive\" alt=\"\" \/>\t            \t\t\t\t\t<\/div>\n\t\t\t\t\t\t\t\t<div class=\"partner\">\n\t\t\t\t\t\t            \t\t<img loading=\"lazy\" decoding=\"async\" width=\"250\" height=\"150\" src=\"https:\/\/deferglobal.com\/wp-content\/uploads\/2025\/02\/pelit.png\" class=\"img-responsive\" alt=\"\" \/>\t            \t\t\t\t\t<\/div>\n\t\t\t\t\t\t\t\t<div class=\"partner\">\n\t\t\t\t\t\t            \t\t<img loading=\"lazy\" decoding=\"async\" width=\"250\" height=\"150\" src=\"https:\/\/deferglobal.com\/wp-content\/uploads\/2025\/02\/ck.png\" class=\"img-responsive\" alt=\"\" \/>\t            \t\t\t\t\t<\/div>\n\t\t\t\t\t\t\t<\/div>\n\t\t<\/div>\n\t\t<script>\n\t\t\t(function($) { \"use strict\";\t\n\n\t\t\t\t$( \"#partner-69e38aad91451\" ).owlCarousel({\n    \t\t\t\tautoplay: true,\n\t            \tautoplayTimeout: 6000,\n\t\t            items : 6,\n\t\t            responsiveClass:true,\n\t\t            navigation : false,\n\t\t            pagination : false,\n\t\t            navigationText: [\"\",\"\"],\n\t\t            responsive : {\n\t\t\t            \/\/ breakpoint from 0 up\n\t\t\t            0 : {\n\t\t\t               items:1,\n\t\t\t            },\n\t\t\t            \/\/ breakpoint from 480 up\n\t\t\t            480 : {\n\t\t\t               items:1,\n\t\t\t            },\n\t\t\t            \/\/ breakpoint from 768 up\n\t\t\t            768 : {\n\t\t\t                items:3,\n\t\t\t            },\n\t\t\t            992 : {\n\t\t\t                items:3,\n\t\t\t            },\n\t\t\t            1440 : {\n\t\t\t                items:6 - 1,\n\t\t\t            },\n\t\t\t            1920 : {\n\t\t\t                items:6,\n\t\t\t            }\n\t\t\t        },\n\t\t            \n\t\t        }); \n\n\t\t\t})(jQuery); \n\t\t<\/script>\n\t\n[vc_empty_space height=&#8221;50px&#8221;][\/vc_column][\/vc_row]<\/p>\n<\/div>","protected":false},"excerpt":{"rendered":"<p>[vc_row][vc_column][\/vc_column][\/vc_row][vc_row fullwidth=&#8221;yes&#8221;][vc_column][vc_raw_html css=&#8221;&#8221;]JTNDZGl2JTIwY2xhc3MlM0QlMjJoaXptZXQlMjIlM0UlMEElMDklM0NkaXYlMjBjbGFzcyUzRCUyMmJveCUyMiUyMHN0eWxlJTNEJTIyYmFja2dyb3VuZC1pbWFnZSUzQSUyMHVybCUyOCUyN2h0dHBzJTNBJTJGJTJGZGVmZXJnbG9iYWwuY29tJTJGd3AtY29udGVudCUyRnVwbG9hZHMlMkYyMDI1JTJGMDYlMkZsb2ppc3Rpay1zY2FsZWQuanBnJTI3JTI5JTNCJTIyJTNFJTBBJTIwJTIwJTIwJTIwJTIwJTIwJTIwJTIwJTNDZGl2JTIwY2xhc3MlM0QlMjJvdmVybGF5JTIyJTNFJTBBJTIwJTIwJTIwJTIwJTIwJTIwJTIwJTIwJTIwJTIwJTIwJTIwJTNDYSUyMGhyZWYlM0QlMjJodHRwJTNBJTJGJTJGd3d3LmRlZmVyZ2xvYmFsLmNvbSUyRmFyJTJGbG9qaXN0aWslMkYlMjIlM0UlM0NoMiUzRSVEOCVBNyVEOSU4NCVEOSU4NCVEOSU4OCVEOCVBQyVEOCVCMyVEOCVBQSVEOSU4QSVEOCVBOSUzQyUyRmgyJTNFJTNDJTJGYSUzRSUwQSUyMCUyMCUyMCUyMCUyMCUyMCUyMCUyMCUyMCUyMCUyMCUyMCUzQ2ElMjBocmVmJTNEJTIyaHR0cCUzQSUyRiUyRnd3dy5kZWZlcmdsb2JhbC5jb20lMkZhciUyRmxvamlzdGlrJTJGJTIyJTIwY2xhc3MlM0QlMjJidXR0b24lMjIlM0UlM0NpJTIwY2xhc3MlM0QlMjJmYS1zb2xpZCUyMGZhLWNoZXZyb24tcmlnaHQlMjIlM0UlM0MlMkZpJTNFJTNDJTJGYSUzRSUwQSUyMCUyMCUyMCUyMCUyMCUyMCUyMCUyMCUzQyUyRmRpdiUzRSUwQSUyMCUyMCUyMCUyMCUzQyUyRmRpdiUzRSUwQSUwOSUzQ2RpdiUyMGNsYXNzJTNEJTIyYm94JTIyJTIwc3R5bGUlM0QlMjJiYWNrZ3JvdW5kLWltYWdlJTNBJTIwdXJsJTI4JTI3aHR0cHMlM0ElMkYlMkZkZWZlcmdsb2JhbC5jb20lMkZ3cC1jb250ZW50JTJGdXBsb2FkcyUyRjIwMjUlMkYwNiUyRmdheXJpbWVua3VsLXNjYWxlZC5qcGclMjclMjklM0IlMjIlM0UlMEElMjAlMjAlMjAlMjAlMjAlMjAlMjAlMjAlM0NkaXYlMjBjbGFzcyUzRCUyMm92ZXJsYXklMjIlM0UlMEElMjAlMjAlMjAlMjAlMjAlMjAlMjAlMjAlMjAlMjAlMjAlMjAlM0NhJTIwaHJlZiUzRCUyMmh0dHAlM0ElMkYlMkZ3d3cuZGVmZXJnbG9iYWwuY29tJTJGYXIlMkZnYXlyaW1lbmt1bCUyRiUyMiUzRSUzQ2gyJTNFJUQ4JUE3JUQ5JTg0JUQ4JUI5JUQ5JTgyJUQ4JUE3JUQ4JUIxJUQ4JUE3JUQ4JUFBJTNDJTJGaDIlM0UlM0MlMkZhJTNFJTBBJTIwJTIwJTIwJTIwJTIwJTIwJTIwJTIwJTIwJTIwJTIwJTIwJTNDYSUyMGhyZWYlM0QlMjJodHRwJTNBJTJGJTJGd3d3LmRlZmVyZ2xvYmFsLmNvbSUyRmFyJTJGZ2F5cmltZW5rdWwlMkYlMjIlMjBjbGFzcyUzRCUyMmJ1dHRvbiUyMiUzRSUzQ2klMjBjbGFzcyUzRCUyMmZhLXNvbGlkJTIwZmEtY2hldnJvbi1yaWdodCUyMiUzRSUzQyUyRmklM0UlM0MlMkZhJTNFJTBBJTIwJTIwJTIwJTIwJTIwJTIwJTIwJTIwJTNDJTJGZGl2JTNFJTBBJTIwJTIwJTIwJTIwJTNDJTJGZGl2JTNFJTBBJTA5JTBBJTA5JTBBJTNDJTJGZGl2JTNF[\/vc_raw_html][\/vc_column][\/vc_row][vc_row css=&#8221;.vc_custom_1739258866517{margin-top: 0px !important;margin-bottom: 0px !important;background-position: center !important;background-repeat: no-repeat !important;background-size: cover !important;}&#8221;][vc_column][\/vc_column][\/vc_row][vc_row css=&#8221;.vc_custom_1737793717896{margin-top: 50px !important;}&#8221;][vc_column width=&#8221;1\/2&#8243;][vc_row_inner css=&#8221;.vc_custom_1737793701679{margin-top: 20px !important;}&#8221;][vc_column_inner][\/vc_column_inner][\/vc_row_inner][\/vc_column][vc_column width=&#8221;1\/2&#8243; css=&#8221;.vc_custom_1737793697288{margin-top: 20px !important;}&#8221;][vc_single_image image=&#8221;2200&#8243; img_size=&#8221;500&#215;900&#8243; alignment=&#8221;center&#8221; css=&#8221;&#8221;][\/vc_column][\/vc_row][vc_row css_animation=&#8221;bounceIn&#8221; fullwidth=&#8221;yes&#8221; parallax_bg=&#8221;true&#8221; css=&#8221;.vc_custom_1739211694308{padding-top: 80px !important;padding-bottom: 80px !important;}&#8221; el_class=&#8221;text-center&#8221;][vc_column el_class=&#8221;ana-port&#8221;][vc_empty_space height=&#8221;43px&#8221;][vc_column_text css=&#8221;.vc_custom_1739213402489{margin-right: 20px !important;margin-bottom: 0px !important;margin-left: 20px !important;}&#8221;][\/vc_column_text][\/vc_column][\/vc_row][vc_row css=&#8221;.vc_custom_1739391381798{padding-top: 80px !important;padding-bottom: 80px !important;background-position: center !important;background-repeat: no-repeat [&hellip;]<\/p>\n","protected":false},"author":1,"featured_media":0,"parent":0,"menu_order":0,"comment_status":"closed","ping_status":"closed","template":"page-templates\/template-trans.php","meta":{"footnotes":""},"class_list":["post-813","page","type-page","status-publish","hentry"],"_links":{"self":[{"href":"https:\/\/deferglobal.com\/ar\/wp-json\/wp\/v2\/pages\/813","targetHints":{"allow":["GET"]}}],"collection":[{"href":"https:\/\/deferglobal.com\/ar\/wp-json\/wp\/v2\/pages"}],"about":[{"href":"https:\/\/deferglobal.com\/ar\/wp-json\/wp\/v2\/types\/page"}],"author":[{"embeddable":true,"href":"https:\/\/deferglobal.com\/ar\/wp-json\/wp\/v2\/users\/1"}],"replies":[{"embeddable":true,"href":"https:\/\/deferglobal.com\/ar\/wp-json\/wp\/v2\/comments?post=813"}],"version-history":[{"count":437,"href":"https:\/\/deferglobal.com\/ar\/wp-json\/wp\/v2\/pages\/813\/revisions"}],"predecessor-version":[{"id":2204,"href":"https:\/\/deferglobal.com\/ar\/wp-json\/wp\/v2\/pages\/813\/revisions\/2204"}],"wp:attachment":[{"href":"https:\/\/deferglobal.com\/ar\/wp-json\/wp\/v2\/media?parent=813"}],"curies":[{"name":"wp","href":"https:\/\/api.w.org\/{rel}","templated":true}]}}